{"id":590,"date":"2024-05-30T10:10:06","date_gmt":"2024-05-30T10:10:06","guid":{"rendered":"https:\/\/recursosdigitalesdua.usal.es\/?page_id=590"},"modified":"2024-06-03T08:52:30","modified_gmt":"2024-06-03T08:52:30","slug":"trabajar-multiples-formas-de-accion-y-expresion","status":"publish","type":"page","link":"https:\/\/recursosdigitalesdua.usal.es\/en\/trabajar-multiples-formas-de-accion-y-expresion\/","title":{"rendered":"(Espa\u00f1ol) TRABAJAR M\u00daLTIPLES FORMAS DE ACCI\u00d3N Y EXPRESI\u00d3N"},"content":{"rendered":"<p class=\"qtranxs-available-languages-message qtranxs-available-languages-message-en\">Sorry, this entry is only available in <a href=\"https:\/\/recursosdigitalesdua.usal.es\/es\/wp-json\/wp\/v2\/pages\/590\" class=\"qtranxs-available-language-link qtranxs-available-language-link-es\" title=\"Espa\u00f1ol\">Espa\u00f1ol<\/a>.<\/p>","protected":false},"excerpt":{"rendered":"<p>Sorry, this entry is only available in Espa\u00f1ol.<\/p>\n","protected":false},"author":104,"featured_media":0,"parent":0,"menu_order":0,"comment_status":"closed","ping_status":"closed","template":"","meta":{"footnotes":""},"class_list":["post-590","page","type-page","status-publish","hentry"],"aioseo_notices":[],"_links":{"self":[{"href":"https:\/\/recursosdigitalesdua.usal.es\/en\/wp-json\/wp\/v2\/pages\/590","targetHints":{"allow":["GET"]}}],"collection":[{"href":"https:\/\/recursosdigitalesdua.usal.es\/en\/wp-json\/wp\/v2\/pages"}],"about":[{"href":"https:\/\/recursosdigitalesdua.usal.es\/en\/wp-json\/wp\/v2\/types\/page"}],"author":[{"embeddable":true,"href":"https:\/\/recursosdigitalesdua.usal.es\/en\/wp-json\/wp\/v2\/users\/104"}],"replies":[{"embeddable":true,"href":"https:\/\/recursosdigitalesdua.usal.es\/en\/wp-json\/wp\/v2\/comments?post=590"}],"version-history":[{"count":4,"href":"https:\/\/recursosdigitalesdua.usal.es\/en\/wp-json\/wp\/v2\/pages\/590\/revisions"}],"predecessor-version":[{"id":608,"href":"https:\/\/recursosdigitalesdua.usal.es\/en\/wp-json\/wp\/v2\/pages\/590\/revisions\/608"}],"wp:attachment":[{"href":"https:\/\/recursosdigitalesdua.usal.es\/en\/wp-json\/wp\/v2\/media?parent=590"}],"curies":[{"name":"wp","href":"https:\/\/api.w.org\/{rel}","templated":true}]}}