{"id":286,"date":"2024-05-13T08:47:36","date_gmt":"2024-05-13T08:47:36","guid":{"rendered":"https:\/\/recursosdigitalesdua.usal.es\/?page_id=286"},"modified":"2024-06-11T09:15:35","modified_gmt":"2024-06-11T09:15:35","slug":"infografia-proteccion-de-datos-personales","status":"publish","type":"page","link":"https:\/\/recursosdigitalesdua.usal.es\/en\/infografia-proteccion-de-datos-personales\/","title":{"rendered":"(Espa\u00f1ol) Infograf\u00eda: Protecci\u00f3n de datos personales"},"content":{"rendered":"<p class=\"qtranxs-available-languages-message qtranxs-available-languages-message-en\">Sorry, this entry is only available in <a href=\"https:\/\/recursosdigitalesdua.usal.es\/es\/wp-json\/wp\/v2\/pages\/286\" class=\"qtranxs-available-language-link qtranxs-available-language-link-es\" title=\"Espa\u00f1ol\">Espa\u00f1ol<\/a>.<\/p>","protected":false},"excerpt":{"rendered":"<p>Sorry, this entry is only available in Espa\u00f1ol.<\/p>\n","protected":false},"author":104,"featured_media":0,"parent":0,"menu_order":0,"comment_status":"closed","ping_status":"closed","template":"","meta":{"footnotes":""},"class_list":["post-286","page","type-page","status-publish","hentry"],"aioseo_notices":[],"_links":{"self":[{"href":"https:\/\/recursosdigitalesdua.usal.es\/en\/wp-json\/wp\/v2\/pages\/286","targetHints":{"allow":["GET"]}}],"collection":[{"href":"https:\/\/recursosdigitalesdua.usal.es\/en\/wp-json\/wp\/v2\/pages"}],"about":[{"href":"https:\/\/recursosdigitalesdua.usal.es\/en\/wp-json\/wp\/v2\/types\/page"}],"author":[{"embeddable":true,"href":"https:\/\/recursosdigitalesdua.usal.es\/en\/wp-json\/wp\/v2\/users\/104"}],"replies":[{"embeddable":true,"href":"https:\/\/recursosdigitalesdua.usal.es\/en\/wp-json\/wp\/v2\/comments?post=286"}],"version-history":[{"count":4,"href":"https:\/\/recursosdigitalesdua.usal.es\/en\/wp-json\/wp\/v2\/pages\/286\/revisions"}],"predecessor-version":[{"id":656,"href":"https:\/\/recursosdigitalesdua.usal.es\/en\/wp-json\/wp\/v2\/pages\/286\/revisions\/656"}],"wp:attachment":[{"href":"https:\/\/recursosdigitalesdua.usal.es\/en\/wp-json\/wp\/v2\/media?parent=286"}],"curies":[{"name":"wp","href":"https:\/\/api.w.org\/{rel}","templated":true}]}}