{"id":250,"date":"2024-05-09T10:25:31","date_gmt":"2024-05-09T10:25:31","guid":{"rendered":"https:\/\/recursosdigitalesdua.usal.es\/?page_id=250"},"modified":"2024-06-11T09:12:32","modified_gmt":"2024-06-11T09:12:32","slug":"infografia-ahorro-energetico","status":"publish","type":"page","link":"https:\/\/recursosdigitalesdua.usal.es\/en\/infografia-ahorro-energetico\/","title":{"rendered":"(Espa\u00f1ol) Infograf\u00eda ahorro energ\u00e9tico"},"content":{"rendered":"<p class=\"qtranxs-available-languages-message qtranxs-available-languages-message-en\">Sorry, this entry is only available in <a href=\"https:\/\/recursosdigitalesdua.usal.es\/es\/wp-json\/wp\/v2\/pages\/250\" class=\"qtranxs-available-language-link qtranxs-available-language-link-es\" title=\"Espa\u00f1ol\">Espa\u00f1ol<\/a>.<\/p>","protected":false},"excerpt":{"rendered":"<p>Sorry, this entry is only available in Espa\u00f1ol.<\/p>\n","protected":false},"author":104,"featured_media":0,"parent":0,"menu_order":0,"comment_status":"closed","ping_status":"closed","template":"","meta":{"footnotes":""},"class_list":["post-250","page","type-page","status-publish","hentry"],"aioseo_notices":[],"_links":{"self":[{"href":"https:\/\/recursosdigitalesdua.usal.es\/en\/wp-json\/wp\/v2\/pages\/250","targetHints":{"allow":["GET"]}}],"collection":[{"href":"https:\/\/recursosdigitalesdua.usal.es\/en\/wp-json\/wp\/v2\/pages"}],"about":[{"href":"https:\/\/recursosdigitalesdua.usal.es\/en\/wp-json\/wp\/v2\/types\/page"}],"author":[{"embeddable":true,"href":"https:\/\/recursosdigitalesdua.usal.es\/en\/wp-json\/wp\/v2\/users\/104"}],"replies":[{"embeddable":true,"href":"https:\/\/recursosdigitalesdua.usal.es\/en\/wp-json\/wp\/v2\/comments?post=250"}],"version-history":[{"count":6,"href":"https:\/\/recursosdigitalesdua.usal.es\/en\/wp-json\/wp\/v2\/pages\/250\/revisions"}],"predecessor-version":[{"id":644,"href":"https:\/\/recursosdigitalesdua.usal.es\/en\/wp-json\/wp\/v2\/pages\/250\/revisions\/644"}],"wp:attachment":[{"href":"https:\/\/recursosdigitalesdua.usal.es\/en\/wp-json\/wp\/v2\/media?parent=250"}],"curies":[{"name":"wp","href":"https:\/\/api.w.org\/{rel}","templated":true}]}}